{"id":1324,"date":"2025-07-17T12:24:15","date_gmt":"2025-07-17T12:24:15","guid":{"rendered":"https:\/\/staging.vogastyling.com\/tietosuojaseloste\/"},"modified":"2025-10-03T11:19:41","modified_gmt":"2025-10-03T11:19:41","slug":"tietosuojaseloste","status":"publish","type":"page","link":"https:\/\/vogastyling.com\/fi\/tietosuojaseloste\/","title":{"rendered":"Tietosuojaseloste"},"content":{"rendered":"\t\t<div data-elementor-type=\"wp-page\" data-elementor-id=\"1324\" class=\"elementor elementor-1324 elementor-127\" data-elementor-post-type=\"page\">\n\t\t\t\t<div class=\"elementor-element elementor-element-24120ae e-flex e-con-boxed e-con e-parent\" data-id=\"24120ae\" data-element_type=\"container\" data-e-type=\"container\">\n\t\t\t\t\t<div class=\"e-con-inner\">\n\t\t\t\t<div class=\"elementor-element elementor-element-d409f5b elementor-widget elementor-widget-heading\" data-id=\"d409f5b\" data-element_type=\"widget\" data-e-type=\"widget\" data-widget_type=\"heading.default\">\n\t\t\t\t\t<h2 class=\"elementor-heading-title elementor-size-default\">Tietosuojaseloste<\/h2>\t\t\t\t<\/div>\n\t\t\t\t<div class=\"elementor-element elementor-element-96b02cc elementor-widget elementor-widget-text-editor\" data-id=\"96b02cc\" data-element_type=\"widget\" data-e-type=\"widget\" data-widget_type=\"text-editor.default\">\n\t\t\t\t\t\t\t\t\t<div class=\"tatsu-section-pad clearfix\" data-padding=\"{\"d\":\"90px 5% 90px 5% \"}\" data-padding-top=\"90px\"><div class=\"tatsu-row-wrap tatsu-row-full-width tatsu-row-one-col tatsu-row-has-one-cols tatsu-medium-gutter tatsu-reg-cols tatsu-clearfix tatsu-g5zw0vbkjuekisc3\"><div class=\"tatsu-row \"><div class=\"tatsu-column tatsu-column-no-bg tatsu-one-col tatsu-column-image-none tatsu-column-effect-none tatsu-prevent-overflow tatsu-g5zw0vbko24i8zk0\" data-parallax-speed=\"0\"><div class=\"tatsu-column-inner \"><div class=\"tatsu-column-pad-wrap\"><div class=\"tatsu-column-pad\"><div class=\"tatsu-module tatsu-text-block-wrap tatsu-g5zw0vbkqy3tgvmm \"><div class=\"tatsu-text-inner tatsu-align-center clearfix\"><p><strong>1. Rekisterinpit\u00e4j\u00e4<\/strong><\/p><p>Voga Styling Oy<br>Y-tunnus: 2749081-2<br>Osoite: Kauppapuistikko 4, 65100 Vaasa<br>Puhelin: 0405614283<br>S\u00e4hk\u00f6posti: info@vogastyling.com<\/p><p><strong>2. Rekisterin yhteyshenkil\u00f6<\/strong><\/p><p>Sandra Holm\u00e4ng <br>S\u00e4hk\u00f6posti: info@vogastyling.com<\/p><p><strong>3. Rekisterin nimi<\/strong><\/p><p>Voga Stylingin asiakas- ja markkinointirekisteri<\/p><p><strong>4. Henkil\u00f6tietojen k\u00e4ytt\u00f6tarkoitus ja k\u00e4sittelyn peruste<\/strong><\/p><p>Rekisterinpit\u00e4j\u00e4 k\u00e4sittelee henkil\u00f6tietoja seuraaviin tarkoituksiin:<\/p><ul><li>Asiakassuhteiden yll\u00e4pito ja asiakaspalvelu<\/li><li>Sopimus- ja lakis\u00e4\u00e4teisten velvoitteiden t\u00e4ytt\u00e4minen<\/li><li>Liiketoiminnan yll\u00e4pito ja kehitt\u00e4minen<\/li><li>Viestint\u00e4 ja markkinointi<\/li><li>Palvelujen toteuttaminen<\/li><\/ul><p>Henkil\u00f6tietojen k\u00e4sittelyn perusteena on ensisijaisesti asiakas- ja sopimussuhde, rekisterinpit\u00e4j\u00e4n oikeutettu etu tai rekister\u00f6idyn antama suostumus.<\/p><p><strong>5. Rekisterin tietosis\u00e4lt\u00f6 ja henkil\u00f6tietoryhm\u00e4t<\/strong><\/p><p>Rekisteri voi sis\u00e4lt\u00e4\u00e4 tietoja rekisterinpit\u00e4j\u00e4n asiakkaista ja mahdollisista asiakkaista.<\/p><p>Seuraavia tietoja voidaan k\u00e4sitell\u00e4 rekisteriss\u00e4:<\/p><ul><li>Henkil\u00f6n nimi ja titteli<\/li><li>Yhteystiedot (puhelinnumero ja s\u00e4hk\u00f6posti)<\/li><li>Osoitetiedot<\/li><li>Maksutietoihin liittyv\u00e4 informaatio<\/li><li>Muut rekister\u00f6idyn itse antamat tiedot, esimerkiksi asiakaspalvelun yhteydess\u00e4 <\/li><\/ul><p><strong>6. Rekisterin tietol\u00e4hteet<\/strong><\/p><p>Tiedot ker\u00e4t\u00e4\u00e4n yleens\u00e4 suoraan rekister\u00f6idylt\u00e4 t\u00e4m\u00e4n luvalla. Tietoja voidaan ker\u00e4t\u00e4 my\u00f6s yhteydenottopyynn\u00f6n, muun asioinnin tai tapahtumiin osallistumisen yhteydess\u00e4.<br>Tietoja voidaan p\u00e4ivitt\u00e4\u00e4 rekisterinpit\u00e4j\u00e4n muista rekistereist\u00e4, yhteisty\u00f6kumppaneiden rekistereist\u00e4 sek\u00e4 viranomaisilta ja muilta yrityksilt\u00e4 lain sallimissa rajoissa. <\/p><p><strong>7. Henkil\u00f6tietojen s\u00e4ilytys<\/strong><\/p><p>Henkil\u00f6tietoja s\u00e4ilytet\u00e4\u00e4n vain niin kauan kuin on tarpeen t\u00e4ss\u00e4 selosteessa m\u00e4\u00e4riteltyjen k\u00e4ytt\u00f6tarkoitusten toteuttamiseksi ja lain asettamat rajoitukset huomioiden. Sovellettavan lain mukaiset velvoitteet voivat edellytt\u00e4\u00e4 tietojen pidemp\u00e4\u00e4 s\u00e4ilytt\u00e4mist\u00e4.<br>\n  <br>Vanhentuneet ja tarpeettomat tiedot tuhotaan asianmukaisesti. Henkil\u00f6tiedot tallennetaan rekisteriin siin\u00e4 muodossa kuin rekister\u00f6ity ne on antanut ja niit\u00e4 p\u00e4ivitet\u00e4\u00e4n rekister\u00f6idyn ilmoituksen mukaisesti.\n  <\/p><p><strong>8. Henkil\u00f6tietojen luovutus ja siirto<\/strong><\/p><p>Rekisterinpit\u00e4j\u00e4 voi k\u00e4ytt\u00e4\u00e4 palveluntuottajia ja alihankkijoita palvelujen toteuttamiseen, perint\u00e4\u00e4n, mahdollisiin asiakaskyselyihin ja tarjouspyynt\u00f6ihin. Henkil\u00f6tietoja voidaan luovuttaa n\u00e4ille tahoille vain siin\u00e4 m\u00e4\u00e4rin kuin se liittyy t\u00e4ss\u00e4 selosteessa m\u00e4\u00e4riteltyjen k\u00e4ytt\u00f6tarkoitusten toteuttamiseen. <\/p><p>Kolmannet osapuolet eiv\u00e4t saa k\u00e4ytt\u00e4\u00e4 tietoja muihin tarkoituksiin kuin t\u00e4ss\u00e4 selosteessa mainittuihin ja rekisterinpit\u00e4j\u00e4n m\u00e4\u00e4ritt\u00e4miin tarkoituksiin. Rekisterinpit\u00e4j\u00e4 velvoittaa heid\u00e4t pit\u00e4m\u00e4\u00e4n tiedot luottamuksellisina ja varmistamaan riitt\u00e4v\u00e4n tietosuojatason.<br>\n  <br>Tietoja ei siirret\u00e4 EU:n tai Euroopan talousalueen ulkopuolelle.\n <\/p><p>Henkil\u00f6tietoja voidaan luovuttaa viranomaisen vaatimusten mukaisesti sek\u00e4 lain edellytt\u00e4miss\u00e4 rajoissa.<\/p><ol start=\"9\"><li><strong>Ev\u00e4steet<\/strong><\/li><\/ol><p>Rekisterinpit\u00e4j\u00e4n verkkosivut voivat k\u00e4ytt\u00e4\u00e4 ev\u00e4steit\u00e4. Ev\u00e4steet ovat pieni\u00e4 tekstitiedostoja, jotka tallennetaan k\u00e4ytt\u00e4j\u00e4n laitteelle. Ev\u00e4steet eiv\u00e4t vahingoita k\u00e4ytt\u00e4j\u00e4n laitetta.  <\/p><p>K\u00e4ytt\u00e4j\u00e4 voi tarvittaessa poistaa tai est\u00e4\u00e4 ev\u00e4steet selaimen asetuksista. Ev\u00e4steiden poistaminen voi hidastaa joidenkin verkkosivujen toimintaa tai est\u00e4\u00e4 p\u00e4\u00e4syn joillekin sivuille. <\/p><p><strong>10. Rekister\u00f6idyn oikeudet<\/strong><\/p><p><strong>Oikeus tarkastaa tiedot<\/strong><\/p><p>Rekister\u00f6idyll\u00e4 on oikeus saada tieto siit\u00e4, mit\u00e4 tietoja h\u00e4nest\u00e4 on tallennettu rekisteriin. Oikeus voidaan ev\u00e4t\u00e4 lain mukaisilla perusteilla. Tarkastusoikeus on l\u00e4ht\u00f6kohtaisesti maksuton.  <\/p><p><strong>Oikeus vastustaa ja rajoittaa k\u00e4sittely\u00e4<\/strong><\/p><p>Rekister\u00f6idyll\u00e4 on oikeus milloin tahansa vastustaa itse\u00e4\u00e4n koskevien tietojen k\u00e4sittely\u00e4, jos h\u00e4n katsoo, ett\u00e4 rekisterinpit\u00e4j\u00e4 on k\u00e4sitellyt tietoja lainvastaisesti tai ettei rekisterinpit\u00e4j\u00e4ll\u00e4 ole oikeutta k\u00e4sitell\u00e4 itse\u00e4\u00e4n koskevia tietoja.<\/p><p>Vastustamisoikeus ei kuitenkaan koske sit\u00e4 osaa tietojen k\u00e4sittelyst\u00e4, joka on tarpeen rekisterinpit\u00e4j\u00e4n lakis\u00e4\u00e4teisten velvoitteiden t\u00e4ytt\u00e4miseksi tai muun lain mukaisen perusteen vuoksi.<\/p><p><strong>Oikeus tietojen poistamiseen<\/strong><\/p><p>Rekister\u00f6idyll\u00e4 on oikeus saada virheelliset tiedot korjatuiksi ja puutteelliset t\u00e4ydent\u00e4viksi sek\u00e4 oikeus vaatia itse\u00e4\u00e4n koskevien tietojen poistamista rekisterinpit\u00e4j\u00e4n asiakas- ja markkinointirekisterist\u00e4. Poisto-oikeus ei kuitenkaan koske sit\u00e4 osaa tietojen k\u00e4sittelyst\u00e4 ja s\u00e4ilytt\u00e4misest\u00e4, joka on tarpeen rekisterinpit\u00e4j\u00e4n lakis\u00e4\u00e4teisten velvoitteiden t\u00e4ytt\u00e4miseksi tai muun lain mukaisen perusteen vuoksi. <\/p><p><strong>Tietojen siirrett\u00e4vyys<\/strong><\/p><p>Siin\u00e4 m\u00e4\u00e4rin kuin rekister\u00f6ity on itse toimittanut tietoja rekisterinpit\u00e4j\u00e4n asiakas- ja markkinointirekisteriin ja tiedot k\u00e4sitell\u00e4\u00e4n rekister\u00f6idyn suostumuksen tai toimeksiannon perusteella, rekister\u00f6idyll\u00e4 on oikeus saada kyseiset tiedot p\u00e4\u00e4osin s\u00e4hk\u00f6isess\u00e4 muodossa sek\u00e4 oikeus siirt\u00e4\u00e4 tiedot toiselle rekisterinpit\u00e4j\u00e4lle.<\/p><p><strong>Suoramarkkinoinnin kielto<\/strong><\/p><p>Rekister\u00f6idyll\u00e4 on oikeus milloin tahansa kielt\u00e4\u00e4 tietojensa k\u00e4ytt\u00f6 suoramarkkinointiin.<\/p><p><strong>Valitusoikeus<\/strong><\/p><p>Rekister\u00f6idyll\u00e4 on oikeus tehd\u00e4 valitus toimivaltaiselle valvontaviranomaiselle, jos rekisterinpit\u00e4j\u00e4 ei ole noudattanut sovellettavaa tietosuojalains\u00e4\u00e4d\u00e4nt\u00f6\u00e4.<\/p><p><strong>Muut oikeudet<\/strong><\/p><p>Jos tietojen k\u00e4sittely perustuu rekister\u00f6idyn suostumukseen, rekister\u00f6idyll\u00e4 on oikeus peruuttaa suostumus ilmoittamalla siit\u00e4 rekisterinpit\u00e4j\u00e4lle t\u00e4m\u00e4n tietosuojaselosteen kohdassa 11 mainitulla tavalla.<\/p><p><strong>11.Yhteys<\/strong><\/p><p>Rekister\u00f6idyn tulee l\u00e4hett\u00e4\u00e4 allekirjoitettu pyynt\u00f6, joka koskee rekister\u00f6idyn oikeuksia, postitse kohdassa 1 mainittuun osoitteeseen.<\/p><p>Rekisterinpit\u00e4j\u00e4 voi pyyt\u00e4\u00e4 rekister\u00f6ity\u00e4 tarkentamaan pyynt\u00f6\u00e4\u00e4n ja todistamaan henkil\u00f6llisyytens\u00e4 ennen pyynn\u00f6n k\u00e4sittely\u00e4. Rekisterinpit\u00e4j\u00e4 voi ev\u00e4t\u00e4 pyynn\u00f6n lain sallimilla perusteilla. <\/p><p>Rekisterinpit\u00e4j\u00e4 vastaa pyynt\u00f6\u00f6n yhden (1) kuukauden kuluessa pyynn\u00f6n esitt\u00e4misest\u00e4.<\/p><p><strong>12. Automaattinen p\u00e4\u00e4t\u00f6ksenteko ja profilointi<\/strong><\/p><p>Rekisterin tietoja ei k\u00e4ytet\u00e4 automaattiseen p\u00e4\u00e4t\u00f6ksentekoon eik\u00e4 rekister\u00f6ityjen profilointiin.<\/p><p><strong>13.Rekisterin suojaamisen periaatteet<\/strong><\/p><p>Henkil\u00f6tietojen suojaaminen on rekisterinpit\u00e4j\u00e4lle t\u00e4rke\u00e4\u00e4. Tiedot s\u00e4ilytet\u00e4\u00e4n s\u00e4hk\u00f6isiss\u00e4 j\u00e4rjestelmiss\u00e4, joita suojaavat palomuurit, salasanat ja muut asianmukaiset tekniset ratkaisut. Rekisteriin p\u00e4\u00e4sev\u00e4t k\u00e4siksi vain rekisterinpit\u00e4j\u00e4n palveluksessa olevat henkil\u00f6t sek\u00e4 muut m\u00e4\u00e4ritellyt henkil\u00f6t, jotka tarvitsevat tietoja teht\u00e4viens\u00e4 hoitamiseksi. Kaikki rekisterin tietoja k\u00e4ytt\u00e4v\u00e4t henkil\u00f6t ovat velvoitettuja noudattamaan salassapitoa.   <\/p><p><strong>14.Tietosuojaselosteen muutokset<\/strong><\/p><p>Rekisterinpit\u00e4j\u00e4 kehitt\u00e4\u00e4 jatkuvasti liiketoimintaansa ja pid\u00e4tt\u00e4\u00e4 siksi oikeuden muuttaa t\u00e4t\u00e4 tietosuojaselostetta ilmoittamalla muutoksista verkkosivuillaan. Muutokset voivat perustua my\u00f6s lains\u00e4\u00e4d\u00e4nn\u00f6n muutoksiin. Rekister\u00f6ityj\u00e4 suositellaan tutustumaan tietosuojaselosteen sis\u00e4lt\u00f6\u00f6n s\u00e4\u00e4nn\u00f6llisesti.  <\/p><\/div><\/div><\/div><\/div><div class=\"tatsu-column-bg-image-wrap\"><div class=\"tatsu-column-bg-image\"> <\/div><\/div><\/div><\/div><\/div><\/div><\/div><div class=\"tatsu-section-background-wrap\"> <\/div>\t\t\t\t\t\t\t\t<\/div>\n\t\t\t\t\t<\/div>\n\t\t\t\t<\/div>\n\t\t\t\t<\/div>\n\t\t","protected":false},"excerpt":{"rendered":"<p>Tietosuojaseloste 1. Rekisterinpit\u00e4j\u00e4 Voga Styling OyY-tunnus: 2749081-2Osoite: Kauppapuistikko 4, 65100 VaasaPuhelin: 0405614283S\u00e4hk\u00f6posti: info@vogastyling.com 2. Rekisterin yhteyshenkil\u00f6 Sandra Holm\u00e4ng S\u00e4hk\u00f6posti: info@vogastyling.com 3. Rekisterin nimi Voga Stylingin asiakas- ja markkinointirekisteri 4. Henkil\u00f6tietojen k\u00e4ytt\u00f6tarkoitus ja k\u00e4sittelyn peruste Rekisterinpit\u00e4j\u00e4 k\u00e4sittelee henkil\u00f6tietoja seuraaviin tarkoituksiin: Asiakassuhteiden yll\u00e4pito ja asiakaspalvelu Sopimus- ja lakis\u00e4\u00e4teisten velvoitteiden t\u00e4ytt\u00e4minen Liiketoiminnan yll\u00e4pito ja kehitt\u00e4minen Viestint\u00e4 ja markkinointi [&hellip;]<\/p>\n","protected":false},"author":1,"featured_media":0,"parent":0,"menu_order":0,"comment_status":"closed","ping_status":"closed","template":"","meta":{"footnotes":""},"class_list":["post-1324","page","type-page","status-publish","hentry"],"yoast_head":"<!-- This site is optimized with the Yoast SEO plugin v27.3 - https:\/\/yoast.com\/product\/yoast-seo-wordpress\/ -->\n<title>Tietosuojaseloste - Voga Styling<\/title>\n<meta name=\"robots\" content=\"index, follow, max-snippet:-1, max-image-preview:large, max-video-preview:-1\" \/>\n<link rel=\"canonical\" href=\"https:\/\/vogastyling.com\/dataskyddsbeskrivning\/\" \/>\n<meta property=\"og:locale\" content=\"fi_FI\" \/>\n<meta property=\"og:type\" content=\"article\" \/>\n<meta property=\"og:title\" content=\"Tietosuojaseloste - Voga Styling\" \/>\n<meta property=\"og:description\" content=\"Tietosuojaseloste 1. Rekisterinpit\u00e4j\u00e4 Voga Styling OyY-tunnus: 2749081-2Osoite: Kauppapuistikko 4, 65100 VaasaPuhelin: 0405614283S\u00e4hk\u00f6posti: info@vogastyling.com 2. Rekisterin yhteyshenkil\u00f6 Sandra Holm\u00e4ng S\u00e4hk\u00f6posti: info@vogastyling.com 3. Rekisterin nimi Voga Stylingin asiakas- ja markkinointirekisteri 4. Henkil\u00f6tietojen k\u00e4ytt\u00f6tarkoitus ja k\u00e4sittelyn peruste Rekisterinpit\u00e4j\u00e4 k\u00e4sittelee henkil\u00f6tietoja seuraaviin tarkoituksiin: Asiakassuhteiden yll\u00e4pito ja asiakaspalvelu Sopimus- ja lakis\u00e4\u00e4teisten velvoitteiden t\u00e4ytt\u00e4minen Liiketoiminnan yll\u00e4pito ja kehitt\u00e4minen Viestint\u00e4 ja markkinointi [&hellip;]\" \/>\n<meta property=\"og:url\" content=\"https:\/\/vogastyling.com\/dataskyddsbeskrivning\/\" \/>\n<meta property=\"og:site_name\" content=\"Voga Styling\" \/>\n<meta property=\"article:modified_time\" content=\"2025-10-03T11:19:41+00:00\" \/>\n<meta name=\"twitter:card\" content=\"summary_large_image\" \/>\n<meta name=\"twitter:label1\" content=\"Arvioitu lukuaika\" \/>\n\t<meta name=\"twitter:data1\" content=\"4 minuuttia\" \/>\n<script type=\"application\/ld+json\" class=\"yoast-schema-graph\">{\"@context\":\"https:\\\/\\\/schema.org\",\"@graph\":[{\"@type\":\"WebPage\",\"@id\":\"https:\\\/\\\/vogastyling.com\\\/dataskyddsbeskrivning\\\/\",\"url\":\"https:\\\/\\\/vogastyling.com\\\/dataskyddsbeskrivning\\\/\",\"name\":\"Tietosuojaseloste - Voga Styling\",\"isPartOf\":{\"@id\":\"https:\\\/\\\/vogastyling.com\\\/#website\"},\"datePublished\":\"2025-07-17T12:24:15+00:00\",\"dateModified\":\"2025-10-03T11:19:41+00:00\",\"breadcrumb\":{\"@id\":\"https:\\\/\\\/vogastyling.com\\\/dataskyddsbeskrivning\\\/#breadcrumb\"},\"inLanguage\":\"fi\",\"potentialAction\":[{\"@type\":\"ReadAction\",\"target\":[\"https:\\\/\\\/vogastyling.com\\\/dataskyddsbeskrivning\\\/\"]}]},{\"@type\":\"BreadcrumbList\",\"@id\":\"https:\\\/\\\/vogastyling.com\\\/dataskyddsbeskrivning\\\/#breadcrumb\",\"itemListElement\":[{\"@type\":\"ListItem\",\"position\":1,\"name\":\"Hem\",\"item\":\"https:\\\/\\\/vogastyling.com\\\/\"},{\"@type\":\"ListItem\",\"position\":2,\"name\":\"Tietosuojaseloste\"}]},{\"@type\":\"WebSite\",\"@id\":\"https:\\\/\\\/vogastyling.com\\\/#website\",\"url\":\"https:\\\/\\\/vogastyling.com\\\/\",\"name\":\"Voga Styling\",\"description\":\"Nordisk stilkonsultering\",\"publisher\":{\"@id\":\"https:\\\/\\\/vogastyling.com\\\/#organization\"},\"potentialAction\":[{\"@type\":\"SearchAction\",\"target\":{\"@type\":\"EntryPoint\",\"urlTemplate\":\"https:\\\/\\\/vogastyling.com\\\/?s={search_term_string}\"},\"query-input\":{\"@type\":\"PropertyValueSpecification\",\"valueRequired\":true,\"valueName\":\"search_term_string\"}}],\"inLanguage\":\"fi\"},{\"@type\":\"Organization\",\"@id\":\"https:\\\/\\\/vogastyling.com\\\/#organization\",\"name\":\"Voga Styling\",\"url\":\"https:\\\/\\\/vogastyling.com\\\/\",\"logo\":{\"@type\":\"ImageObject\",\"inLanguage\":\"fi\",\"@id\":\"https:\\\/\\\/vogastyling.com\\\/#\\\/schema\\\/logo\\\/image\\\/\",\"url\":\"https:\\\/\\\/vogastyling.com\\\/wp-content\\\/uploads\\\/2025\\\/07\\\/VOGA-Huvudlogo-RGB.png\",\"contentUrl\":\"https:\\\/\\\/vogastyling.com\\\/wp-content\\\/uploads\\\/2025\\\/07\\\/VOGA-Huvudlogo-RGB.png\",\"width\":1200,\"height\":600,\"caption\":\"Voga Styling\"},\"image\":{\"@id\":\"https:\\\/\\\/vogastyling.com\\\/#\\\/schema\\\/logo\\\/image\\\/\"}}]}<\/script>\n<!-- \/ Yoast SEO plugin. -->","yoast_head_json":{"title":"Tietosuojaseloste - Voga Styling","robots":{"index":"index","follow":"follow","max-snippet":"max-snippet:-1","max-image-preview":"max-image-preview:large","max-video-preview":"max-video-preview:-1"},"canonical":"https:\/\/vogastyling.com\/dataskyddsbeskrivning\/","og_locale":"fi_FI","og_type":"article","og_title":"Tietosuojaseloste - Voga Styling","og_description":"Tietosuojaseloste 1. Rekisterinpit\u00e4j\u00e4 Voga Styling OyY-tunnus: 2749081-2Osoite: Kauppapuistikko 4, 65100 VaasaPuhelin: 0405614283S\u00e4hk\u00f6posti: info@vogastyling.com 2. Rekisterin yhteyshenkil\u00f6 Sandra Holm\u00e4ng S\u00e4hk\u00f6posti: info@vogastyling.com 3. Rekisterin nimi Voga Stylingin asiakas- ja markkinointirekisteri 4. Henkil\u00f6tietojen k\u00e4ytt\u00f6tarkoitus ja k\u00e4sittelyn peruste Rekisterinpit\u00e4j\u00e4 k\u00e4sittelee henkil\u00f6tietoja seuraaviin tarkoituksiin: Asiakassuhteiden yll\u00e4pito ja asiakaspalvelu Sopimus- ja lakis\u00e4\u00e4teisten velvoitteiden t\u00e4ytt\u00e4minen Liiketoiminnan yll\u00e4pito ja kehitt\u00e4minen Viestint\u00e4 ja markkinointi [&hellip;]","og_url":"https:\/\/vogastyling.com\/dataskyddsbeskrivning\/","og_site_name":"Voga Styling","article_modified_time":"2025-10-03T11:19:41+00:00","twitter_card":"summary_large_image","twitter_misc":{"Arvioitu lukuaika":"4 minuuttia"},"schema":{"@context":"https:\/\/schema.org","@graph":[{"@type":"WebPage","@id":"https:\/\/vogastyling.com\/dataskyddsbeskrivning\/","url":"https:\/\/vogastyling.com\/dataskyddsbeskrivning\/","name":"Tietosuojaseloste - Voga Styling","isPartOf":{"@id":"https:\/\/vogastyling.com\/#website"},"datePublished":"2025-07-17T12:24:15+00:00","dateModified":"2025-10-03T11:19:41+00:00","breadcrumb":{"@id":"https:\/\/vogastyling.com\/dataskyddsbeskrivning\/#breadcrumb"},"inLanguage":"fi","potentialAction":[{"@type":"ReadAction","target":["https:\/\/vogastyling.com\/dataskyddsbeskrivning\/"]}]},{"@type":"BreadcrumbList","@id":"https:\/\/vogastyling.com\/dataskyddsbeskrivning\/#breadcrumb","itemListElement":[{"@type":"ListItem","position":1,"name":"Hem","item":"https:\/\/vogastyling.com\/"},{"@type":"ListItem","position":2,"name":"Tietosuojaseloste"}]},{"@type":"WebSite","@id":"https:\/\/vogastyling.com\/#website","url":"https:\/\/vogastyling.com\/","name":"Voga Styling","description":"Nordisk stilkonsultering","publisher":{"@id":"https:\/\/vogastyling.com\/#organization"},"potentialAction":[{"@type":"SearchAction","target":{"@type":"EntryPoint","urlTemplate":"https:\/\/vogastyling.com\/?s={search_term_string}"},"query-input":{"@type":"PropertyValueSpecification","valueRequired":true,"valueName":"search_term_string"}}],"inLanguage":"fi"},{"@type":"Organization","@id":"https:\/\/vogastyling.com\/#organization","name":"Voga Styling","url":"https:\/\/vogastyling.com\/","logo":{"@type":"ImageObject","inLanguage":"fi","@id":"https:\/\/vogastyling.com\/#\/schema\/logo\/image\/","url":"https:\/\/vogastyling.com\/wp-content\/uploads\/2025\/07\/VOGA-Huvudlogo-RGB.png","contentUrl":"https:\/\/vogastyling.com\/wp-content\/uploads\/2025\/07\/VOGA-Huvudlogo-RGB.png","width":1200,"height":600,"caption":"Voga Styling"},"image":{"@id":"https:\/\/vogastyling.com\/#\/schema\/logo\/image\/"}}]}},"_links":{"self":[{"href":"https:\/\/vogastyling.com\/fi\/wp-json\/wp\/v2\/pages\/1324","targetHints":{"allow":["GET"]}}],"collection":[{"href":"https:\/\/vogastyling.com\/fi\/wp-json\/wp\/v2\/pages"}],"about":[{"href":"https:\/\/vogastyling.com\/fi\/wp-json\/wp\/v2\/types\/page"}],"author":[{"embeddable":true,"href":"https:\/\/vogastyling.com\/fi\/wp-json\/wp\/v2\/users\/1"}],"replies":[{"embeddable":true,"href":"https:\/\/vogastyling.com\/fi\/wp-json\/wp\/v2\/comments?post=1324"}],"version-history":[{"count":1,"href":"https:\/\/vogastyling.com\/fi\/wp-json\/wp\/v2\/pages\/1324\/revisions"}],"predecessor-version":[{"id":1325,"href":"https:\/\/vogastyling.com\/fi\/wp-json\/wp\/v2\/pages\/1324\/revisions\/1325"}],"wp:attachment":[{"href":"https:\/\/vogastyling.com\/fi\/wp-json\/wp\/v2\/media?parent=1324"}],"curies":[{"name":"wp","href":"https:\/\/api.w.org\/{rel}","templated":true}]}}