{"id":1705,"date":"2025-07-21T10:41:10","date_gmt":"2025-07-21T10:41:10","guid":{"rendered":"https:\/\/staging.vogastyling.com\/tyyliluentoja\/"},"modified":"2025-11-07T12:35:31","modified_gmt":"2025-11-07T12:35:31","slug":"tyyliluentoja","status":"publish","type":"page","link":"https:\/\/vogastyling.com\/fi\/tyyliluentoja\/","title":{"rendered":"Tyyliluentoja"},"content":{"rendered":"\t\t<div data-elementor-type=\"wp-page\" data-elementor-id=\"1705\" class=\"elementor elementor-1705 elementor-334\" data-elementor-post-type=\"page\">\n\t\t\t\t<div class=\"elementor-element elementor-element-a22cc2d e-con-full e-flex e-con e-parent\" data-id=\"a22cc2d\" data-element_type=\"container\" data-e-type=\"container\" data-settings=\"{&quot;background_background&quot;:&quot;classic&quot;}\">\n\t\t<div class=\"elementor-element elementor-element-648dc44 e-con-full e-flex e-con e-child\" data-id=\"648dc44\" data-element_type=\"container\" data-e-type=\"container\">\n\t\t\t\t<div class=\"elementor-element elementor-element-179131a elementor-widget elementor-widget-heading\" data-id=\"179131a\" data-element_type=\"widget\" data-e-type=\"widget\" data-widget_type=\"heading.default\">\n\t\t\t\t\t<h3 class=\"elementor-heading-title elementor-size-default\">Tyyliluentoja<\/h3>\t\t\t\t<\/div>\n\t\t\t\t<div class=\"elementor-element elementor-element-e5ea7d2 elementor-widget__width-initial elementor-widget elementor-widget-text-editor\" data-id=\"e5ea7d2\" data-element_type=\"widget\" data-e-type=\"widget\" data-widget_type=\"text-editor.default\">\n\t\t\t\t\t\t\t\t\t<p>Voga Styling tarjoaa useita palveluja pienille tai suuremmille ryhmille.<br>Oletko j\u00e4rjest\u00e4m\u00e4ss\u00e4 polttareita, TYKY-p\u00e4ivi\u00e4 tai haluaisitko j\u00e4rjest\u00e4\u00e4 tyyliluennon yrityksess\u00e4si?<\/p><p>Jos olette ryhm\u00e4n\u00e4 kiinnostuneita palveluistamme, mutta ette ole aivan varmoja, mik\u00e4 sopisi teille parhaiten, ottakaa yhteytt\u00e4, niin pohdimme asiaa yhdess\u00e4.<\/p>\t\t\t\t\t\t\t\t<\/div>\n\t\t\t\t<div class=\"elementor-element elementor-element-10117dc elementor-mobile-align-center elementor-widget elementor-widget-button\" data-id=\"10117dc\" data-element_type=\"widget\" data-e-type=\"widget\" data-widget_type=\"button.default\">\n\t\t\t\t\t\t\t\t\t\t<a class=\"elementor-button elementor-button-link elementor-size-sm elementor-animation-grow\" href=\"#kontakt\">\n\t\t\t\t\t\t<span class=\"elementor-button-content-wrapper\">\n\t\t\t\t\t\t\t\t\t<span class=\"elementor-button-text\">Pyyd\u00e4 tarjous<\/span>\n\t\t\t\t\t<\/span>\n\t\t\t\t\t<\/a>\n\t\t\t\t\t\t\t\t<\/div>\n\t\t\t\t<\/div>\n\t\t<div class=\"elementor-element elementor-element-b551e88 e-con-full e-flex e-con e-child\" data-id=\"b551e88\" data-element_type=\"container\" data-e-type=\"container\" data-settings=\"{&quot;background_background&quot;:&quot;classic&quot;}\">\n\t\t\t\t<\/div>\n\t\t\t\t<\/div>\n\t\t<div class=\"elementor-element elementor-element-888780c e-flex e-con-boxed e-con e-parent\" data-id=\"888780c\" data-element_type=\"container\" data-e-type=\"container\" data-settings=\"{&quot;background_background&quot;:&quot;classic&quot;}\">\n\t\t\t\t\t<div class=\"e-con-inner\">\n\t\t\t\t<div class=\"elementor-element elementor-element-420b4a9 elementor-widget elementor-widget-heading\" data-id=\"420b4a9\" data-element_type=\"widget\" data-e-type=\"widget\" data-widget_type=\"heading.default\">\n\t\t\t\t\t<h4 class=\"elementor-heading-title elementor-size-default\">Shoppaile yst\u00e4v\u00e4n tai kumppanin kanssa<\/h4>\t\t\t\t<\/div>\n\t\t\t\t<div class=\"elementor-element elementor-element-194785a elementor-widget elementor-widget-text-editor\" data-id=\"194785a\" data-element_type=\"widget\" data-e-type=\"widget\" data-widget_type=\"text-editor.default\">\n\t\t\t\t\t\t\t\t\t<p>Keksi yhdess\u00e4 jotain hauskaa ja tulkaa oppimaan ja kokemaan unohtumaton ostoskierros stylistimme kanssa.<\/p>\t\t\t\t\t\t\t\t<\/div>\n\t\t\t\t<div class=\"elementor-element elementor-element-21fbc22 elementor-widget elementor-widget-button\" data-id=\"21fbc22\" data-element_type=\"widget\" data-e-type=\"widget\" data-widget_type=\"button.default\">\n\t\t\t\t\t\t\t\t\t\t<a class=\"elementor-button elementor-button-link elementor-size-sm elementor-animation-grow\" href=\"https:\/\/vogastyling.com\/fi\/shoppaile-stylistin-kanssa\/\">\n\t\t\t\t\t\t<span class=\"elementor-button-content-wrapper\">\n\t\t\t\t\t\t\t\t\t<span class=\"elementor-button-text\">Lue lis\u00e4\u00e4<\/span>\n\t\t\t\t\t<\/span>\n\t\t\t\t\t<\/a>\n\t\t\t\t\t\t\t\t<\/div>\n\t\t\t\t\t<\/div>\n\t\t\t\t<\/div>\n\t\t<div class=\"elementor-element elementor-element-e49e82a e-flex e-con-boxed e-con e-parent\" data-id=\"e49e82a\" data-element_type=\"container\" data-e-type=\"container\" data-settings=\"{&quot;background_background&quot;:&quot;classic&quot;}\">\n\t\t\t\t\t<div class=\"e-con-inner\">\n\t\t\t\t<div class=\"elementor-element elementor-element-6a9d05e elementor-widget elementor-widget-heading\" data-id=\"6a9d05e\" data-element_type=\"widget\" data-e-type=\"widget\" data-widget_type=\"heading.default\">\n\t\t\t\t\t<h2 class=\"elementor-heading-title elementor-size-default\">Ota yhteytt\u00e4\n<\/h2>\t\t\t\t<\/div>\n\t\t\t\t<div class=\"elementor-element elementor-element-3032444 elementor-button-align-center elementor-widget__width-initial elementor-widget elementor-widget-form\" data-id=\"3032444\" data-element_type=\"widget\" data-e-type=\"widget\" data-settings=\"{&quot;step_next_label&quot;:&quot;Seuraava&quot;,&quot;step_previous_label&quot;:&quot;Edellinen&quot;,&quot;button_width&quot;:&quot;100&quot;,&quot;step_type&quot;:&quot;number_text&quot;,&quot;step_icon_shape&quot;:&quot;circle&quot;}\" data-widget_type=\"form.default\">\n\t\t\t\t\t\t\t<form class=\"elementor-form\" method=\"post\" name=\"Yhteydenottolomake tyyliluentoja varten\" aria-label=\"Yhteydenottolomake tyyliluentoja varten\">\n\t\t\t<input type=\"hidden\" name=\"post_id\" value=\"1705\"\/>\n\t\t\t<input type=\"hidden\" name=\"form_id\" value=\"3032444\"\/>\n\t\t\t<input type=\"hidden\" name=\"referer_title\" value=\"Voga Styling\" \/>\n\n\t\t\t\n\t\t\t<div class=\"elementor-form-fields-wrapper elementor-labels-above\">\n\t\t\t\t\t\t\t\t<div class=\"elementor-field-type-text elementor-field-group elementor-column elementor-field-group-name elementor-col-50\">\n\t\t\t\t\t\t\t\t\t\t\t\t<label for=\"form-field-name\" class=\"elementor-field-label\">\n\t\t\t\t\t\t\t\tNimi\t\t\t\t\t\t\t<\/label>\n\t\t\t\t\t\t\t\t\t\t\t\t\t\t<input size=\"1\" type=\"text\" name=\"form_fields[name]\" id=\"form-field-name\" class=\"elementor-field elementor-size-sm  elementor-field-textual\" placeholder=\"Nimi\">\n\t\t\t\t\t\t\t\t\t\t\t<\/div>\n\t\t\t\t\t\t\t\t<div class=\"elementor-field-type-email elementor-field-group elementor-column elementor-field-group-email elementor-col-50 elementor-field-required\">\n\t\t\t\t\t\t\t\t\t\t\t\t<label for=\"form-field-email\" class=\"elementor-field-label\">\n\t\t\t\t\t\t\t\tS-posti\t\t\t\t\t\t\t<\/label>\n\t\t\t\t\t\t\t\t\t\t\t\t\t\t<input size=\"1\" type=\"email\" name=\"form_fields[email]\" id=\"form-field-email\" class=\"elementor-field elementor-size-sm  elementor-field-textual\" placeholder=\"S-posti\" required=\"required\">\n\t\t\t\t\t\t\t\t\t\t\t<\/div>\n\t\t\t\t\t\t\t\t<div class=\"elementor-field-type-textarea elementor-field-group elementor-column elementor-field-group-message elementor-col-100\">\n\t\t\t\t\t\t\t\t\t\t\t\t<label for=\"form-field-message\" class=\"elementor-field-label\">\n\t\t\t\t\t\t\t\tViesti\t\t\t\t\t\t\t<\/label>\n\t\t\t\t\t\t<textarea class=\"elementor-field-textual elementor-field  elementor-size-sm\" name=\"form_fields[message]\" id=\"form-field-message\" rows=\"4\" placeholder=\"Viesti\"><\/textarea>\t\t\t\t<\/div>\n\t\t\t\t\t\t\t\t<div class=\"elementor-field-group elementor-column elementor-field-type-submit elementor-col-100 e-form__buttons\">\n\t\t\t\t\t<button class=\"elementor-button elementor-size-sm\" type=\"submit\">\n\t\t\t\t\t\t<span class=\"elementor-button-content-wrapper\">\n\t\t\t\t\t\t\t\t\t\t\t\t\t\t\t\t\t\t\t\t\t\t<span class=\"elementor-button-text\">L\u00e4het\u00e4<\/span>\n\t\t\t\t\t\t\t\t\t\t\t\t\t<\/span>\n\t\t\t\t\t<\/button>\n\t\t\t\t<\/div>\n\t\t\t<\/div>\n\t\t<\/form>\n\t\t\t\t\t\t<\/div>\n\t\t\t\t\t<\/div>\n\t\t\t\t<\/div>\n\t\t\t\t<\/div>\n\t\t","protected":false},"excerpt":{"rendered":"<p>Tyyliluentoja Voga Styling tarjoaa useita palveluja pienille tai suuremmille ryhmille.Oletko j\u00e4rjest\u00e4m\u00e4ss\u00e4 polttareita, TYKY-p\u00e4ivi\u00e4 tai haluaisitko j\u00e4rjest\u00e4\u00e4 tyyliluennon yrityksess\u00e4si? Jos olette ryhm\u00e4n\u00e4 kiinnostuneita palveluistamme, mutta ette ole aivan varmoja, mik\u00e4 sopisi teille parhaiten, ottakaa yhteytt\u00e4, niin pohdimme asiaa yhdess\u00e4. Pyyd\u00e4 tarjous Shoppaile yst\u00e4v\u00e4n tai kumppanin kanssa Keksi yhdess\u00e4 jotain hauskaa ja tulkaa oppimaan ja kokemaan unohtumaton [&hellip;]<\/p>\n","protected":false},"author":1,"featured_media":1194,"parent":0,"menu_order":0,"comment_status":"closed","ping_status":"closed","template":"","meta":{"footnotes":""},"class_list":["post-1705","page","type-page","status-publish","has-post-thumbnail","hentry"],"yoast_head":"<!-- This site is optimized with the Yoast SEO plugin v27.3 - https:\/\/yoast.com\/product\/yoast-seo-wordpress\/ -->\n<title>Tyyliluentoja - Voga Styling<\/title>\n<meta name=\"robots\" content=\"index, follow, max-snippet:-1, max-image-preview:large, max-video-preview:-1\" \/>\n<link rel=\"canonical\" href=\"https:\/\/vogastyling.com\/stilforelasningar\/\" \/>\n<meta property=\"og:locale\" content=\"fi_FI\" \/>\n<meta property=\"og:type\" content=\"article\" \/>\n<meta property=\"og:title\" content=\"Tyyliluentoja - Voga Styling\" \/>\n<meta property=\"og:description\" content=\"Tyyliluentoja Voga Styling tarjoaa useita palveluja pienille tai suuremmille ryhmille.Oletko j\u00e4rjest\u00e4m\u00e4ss\u00e4 polttareita, TYKY-p\u00e4ivi\u00e4 tai haluaisitko j\u00e4rjest\u00e4\u00e4 tyyliluennon yrityksess\u00e4si? Jos olette ryhm\u00e4n\u00e4 kiinnostuneita palveluistamme, mutta ette ole aivan varmoja, mik\u00e4 sopisi teille parhaiten, ottakaa yhteytt\u00e4, niin pohdimme asiaa yhdess\u00e4. Pyyd\u00e4 tarjous Shoppaile yst\u00e4v\u00e4n tai kumppanin kanssa Keksi yhdess\u00e4 jotain hauskaa ja tulkaa oppimaan ja kokemaan unohtumaton [&hellip;]\" \/>\n<meta property=\"og:url\" content=\"https:\/\/vogastyling.com\/stilforelasningar\/\" \/>\n<meta property=\"og:site_name\" content=\"Voga Styling\" \/>\n<meta property=\"article:modified_time\" content=\"2025-11-07T12:35:31+00:00\" \/>\n<meta property=\"og:image\" content=\"https:\/\/vogastyling.com\/wp-content\/uploads\/2025\/07\/Heidi-Sandra-voga-Styling-e1762330340994.webp\" \/>\n\t<meta property=\"og:image:width\" content=\"1440\" \/>\n\t<meta property=\"og:image:height\" content=\"1920\" \/>\n\t<meta property=\"og:image:type\" content=\"image\/webp\" \/>\n<meta name=\"twitter:card\" content=\"summary_large_image\" \/>\n<script type=\"application\/ld+json\" class=\"yoast-schema-graph\">{\"@context\":\"https:\\\/\\\/schema.org\",\"@graph\":[{\"@type\":\"WebPage\",\"@id\":\"https:\\\/\\\/vogastyling.com\\\/stilforelasningar\\\/\",\"url\":\"https:\\\/\\\/vogastyling.com\\\/stilforelasningar\\\/\",\"name\":\"Tyyliluentoja - Voga Styling\",\"isPartOf\":{\"@id\":\"https:\\\/\\\/vogastyling.com\\\/#website\"},\"primaryImageOfPage\":{\"@id\":\"https:\\\/\\\/vogastyling.com\\\/stilforelasningar\\\/#primaryimage\"},\"image\":{\"@id\":\"https:\\\/\\\/vogastyling.com\\\/stilforelasningar\\\/#primaryimage\"},\"thumbnailUrl\":\"https:\\\/\\\/vogastyling.com\\\/wp-content\\\/uploads\\\/2025\\\/07\\\/Heidi-Sandra-voga-Styling-e1762330340994.webp\",\"datePublished\":\"2025-07-21T10:41:10+00:00\",\"dateModified\":\"2025-11-07T12:35:31+00:00\",\"breadcrumb\":{\"@id\":\"https:\\\/\\\/vogastyling.com\\\/stilforelasningar\\\/#breadcrumb\"},\"inLanguage\":\"fi\",\"potentialAction\":[{\"@type\":\"ReadAction\",\"target\":[\"https:\\\/\\\/vogastyling.com\\\/stilforelasningar\\\/\"]}]},{\"@type\":\"ImageObject\",\"inLanguage\":\"fi\",\"@id\":\"https:\\\/\\\/vogastyling.com\\\/stilforelasningar\\\/#primaryimage\",\"url\":\"https:\\\/\\\/vogastyling.com\\\/wp-content\\\/uploads\\\/2025\\\/07\\\/Heidi-Sandra-voga-Styling-e1762330340994.webp\",\"contentUrl\":\"https:\\\/\\\/vogastyling.com\\\/wp-content\\\/uploads\\\/2025\\\/07\\\/Heidi-Sandra-voga-Styling-e1762330340994.webp\",\"width\":1440,\"height\":1920},{\"@type\":\"BreadcrumbList\",\"@id\":\"https:\\\/\\\/vogastyling.com\\\/stilforelasningar\\\/#breadcrumb\",\"itemListElement\":[{\"@type\":\"ListItem\",\"position\":1,\"name\":\"Hem\",\"item\":\"https:\\\/\\\/vogastyling.com\\\/\"},{\"@type\":\"ListItem\",\"position\":2,\"name\":\"Tyyliluentoja\"}]},{\"@type\":\"WebSite\",\"@id\":\"https:\\\/\\\/vogastyling.com\\\/#website\",\"url\":\"https:\\\/\\\/vogastyling.com\\\/\",\"name\":\"Voga Styling\",\"description\":\"Nordisk stilkonsultering\",\"publisher\":{\"@id\":\"https:\\\/\\\/vogastyling.com\\\/#organization\"},\"potentialAction\":[{\"@type\":\"SearchAction\",\"target\":{\"@type\":\"EntryPoint\",\"urlTemplate\":\"https:\\\/\\\/vogastyling.com\\\/?s={search_term_string}\"},\"query-input\":{\"@type\":\"PropertyValueSpecification\",\"valueRequired\":true,\"valueName\":\"search_term_string\"}}],\"inLanguage\":\"fi\"},{\"@type\":\"Organization\",\"@id\":\"https:\\\/\\\/vogastyling.com\\\/#organization\",\"name\":\"Voga Styling\",\"url\":\"https:\\\/\\\/vogastyling.com\\\/\",\"logo\":{\"@type\":\"ImageObject\",\"inLanguage\":\"fi\",\"@id\":\"https:\\\/\\\/vogastyling.com\\\/#\\\/schema\\\/logo\\\/image\\\/\",\"url\":\"https:\\\/\\\/vogastyling.com\\\/wp-content\\\/uploads\\\/2025\\\/07\\\/VOGA-Huvudlogo-RGB.png\",\"contentUrl\":\"https:\\\/\\\/vogastyling.com\\\/wp-content\\\/uploads\\\/2025\\\/07\\\/VOGA-Huvudlogo-RGB.png\",\"width\":1200,\"height\":600,\"caption\":\"Voga Styling\"},\"image\":{\"@id\":\"https:\\\/\\\/vogastyling.com\\\/#\\\/schema\\\/logo\\\/image\\\/\"}}]}<\/script>\n<!-- \/ Yoast SEO plugin. -->","yoast_head_json":{"title":"Tyyliluentoja - Voga Styling","robots":{"index":"index","follow":"follow","max-snippet":"max-snippet:-1","max-image-preview":"max-image-preview:large","max-video-preview":"max-video-preview:-1"},"canonical":"https:\/\/vogastyling.com\/stilforelasningar\/","og_locale":"fi_FI","og_type":"article","og_title":"Tyyliluentoja - Voga Styling","og_description":"Tyyliluentoja Voga Styling tarjoaa useita palveluja pienille tai suuremmille ryhmille.Oletko j\u00e4rjest\u00e4m\u00e4ss\u00e4 polttareita, TYKY-p\u00e4ivi\u00e4 tai haluaisitko j\u00e4rjest\u00e4\u00e4 tyyliluennon yrityksess\u00e4si? Jos olette ryhm\u00e4n\u00e4 kiinnostuneita palveluistamme, mutta ette ole aivan varmoja, mik\u00e4 sopisi teille parhaiten, ottakaa yhteytt\u00e4, niin pohdimme asiaa yhdess\u00e4. Pyyd\u00e4 tarjous Shoppaile yst\u00e4v\u00e4n tai kumppanin kanssa Keksi yhdess\u00e4 jotain hauskaa ja tulkaa oppimaan ja kokemaan unohtumaton [&hellip;]","og_url":"https:\/\/vogastyling.com\/stilforelasningar\/","og_site_name":"Voga Styling","article_modified_time":"2025-11-07T12:35:31+00:00","og_image":[{"width":1440,"height":1920,"url":"https:\/\/vogastyling.com\/wp-content\/uploads\/2025\/07\/Heidi-Sandra-voga-Styling-e1762330340994.webp","type":"image\/webp"}],"twitter_card":"summary_large_image","schema":{"@context":"https:\/\/schema.org","@graph":[{"@type":"WebPage","@id":"https:\/\/vogastyling.com\/stilforelasningar\/","url":"https:\/\/vogastyling.com\/stilforelasningar\/","name":"Tyyliluentoja - Voga Styling","isPartOf":{"@id":"https:\/\/vogastyling.com\/#website"},"primaryImageOfPage":{"@id":"https:\/\/vogastyling.com\/stilforelasningar\/#primaryimage"},"image":{"@id":"https:\/\/vogastyling.com\/stilforelasningar\/#primaryimage"},"thumbnailUrl":"https:\/\/vogastyling.com\/wp-content\/uploads\/2025\/07\/Heidi-Sandra-voga-Styling-e1762330340994.webp","datePublished":"2025-07-21T10:41:10+00:00","dateModified":"2025-11-07T12:35:31+00:00","breadcrumb":{"@id":"https:\/\/vogastyling.com\/stilforelasningar\/#breadcrumb"},"inLanguage":"fi","potentialAction":[{"@type":"ReadAction","target":["https:\/\/vogastyling.com\/stilforelasningar\/"]}]},{"@type":"ImageObject","inLanguage":"fi","@id":"https:\/\/vogastyling.com\/stilforelasningar\/#primaryimage","url":"https:\/\/vogastyling.com\/wp-content\/uploads\/2025\/07\/Heidi-Sandra-voga-Styling-e1762330340994.webp","contentUrl":"https:\/\/vogastyling.com\/wp-content\/uploads\/2025\/07\/Heidi-Sandra-voga-Styling-e1762330340994.webp","width":1440,"height":1920},{"@type":"BreadcrumbList","@id":"https:\/\/vogastyling.com\/stilforelasningar\/#breadcrumb","itemListElement":[{"@type":"ListItem","position":1,"name":"Hem","item":"https:\/\/vogastyling.com\/"},{"@type":"ListItem","position":2,"name":"Tyyliluentoja"}]},{"@type":"WebSite","@id":"https:\/\/vogastyling.com\/#website","url":"https:\/\/vogastyling.com\/","name":"Voga Styling","description":"Nordisk stilkonsultering","publisher":{"@id":"https:\/\/vogastyling.com\/#organization"},"potentialAction":[{"@type":"SearchAction","target":{"@type":"EntryPoint","urlTemplate":"https:\/\/vogastyling.com\/?s={search_term_string}"},"query-input":{"@type":"PropertyValueSpecification","valueRequired":true,"valueName":"search_term_string"}}],"inLanguage":"fi"},{"@type":"Organization","@id":"https:\/\/vogastyling.com\/#organization","name":"Voga Styling","url":"https:\/\/vogastyling.com\/","logo":{"@type":"ImageObject","inLanguage":"fi","@id":"https:\/\/vogastyling.com\/#\/schema\/logo\/image\/","url":"https:\/\/vogastyling.com\/wp-content\/uploads\/2025\/07\/VOGA-Huvudlogo-RGB.png","contentUrl":"https:\/\/vogastyling.com\/wp-content\/uploads\/2025\/07\/VOGA-Huvudlogo-RGB.png","width":1200,"height":600,"caption":"Voga Styling"},"image":{"@id":"https:\/\/vogastyling.com\/#\/schema\/logo\/image\/"}}]}},"_links":{"self":[{"href":"https:\/\/vogastyling.com\/fi\/wp-json\/wp\/v2\/pages\/1705","targetHints":{"allow":["GET"]}}],"collection":[{"href":"https:\/\/vogastyling.com\/fi\/wp-json\/wp\/v2\/pages"}],"about":[{"href":"https:\/\/vogastyling.com\/fi\/wp-json\/wp\/v2\/types\/page"}],"author":[{"embeddable":true,"href":"https:\/\/vogastyling.com\/fi\/wp-json\/wp\/v2\/users\/1"}],"replies":[{"embeddable":true,"href":"https:\/\/vogastyling.com\/fi\/wp-json\/wp\/v2\/comments?post=1705"}],"version-history":[{"count":5,"href":"https:\/\/vogastyling.com\/fi\/wp-json\/wp\/v2\/pages\/1705\/revisions"}],"predecessor-version":[{"id":2301,"href":"https:\/\/vogastyling.com\/fi\/wp-json\/wp\/v2\/pages\/1705\/revisions\/2301"}],"wp:featuredmedia":[{"embeddable":true,"href":"https:\/\/vogastyling.com\/fi\/wp-json\/wp\/v2\/media\/1194"}],"wp:attachment":[{"href":"https:\/\/vogastyling.com\/fi\/wp-json\/wp\/v2\/media?parent=1705"}],"curies":[{"name":"wp","href":"https:\/\/api.w.org\/{rel}","templated":true}]}}