{"id":2537,"date":"2025-11-10T18:07:28","date_gmt":"2025-11-10T18:07:28","guid":{"rendered":"https:\/\/vogastyling.com\/osta-lahjakortti\/"},"modified":"2026-04-07T17:35:56","modified_gmt":"2026-04-07T17:35:56","slug":"osta-lahjakortti","status":"publish","type":"page","link":"https:\/\/vogastyling.com\/fi\/osta-lahjakortti\/","title":{"rendered":"Osta lahjakortti"},"content":{"rendered":"\t\t<div data-elementor-type=\"wp-page\" data-elementor-id=\"2537\" class=\"elementor elementor-2537 elementor-2509\" data-elementor-post-type=\"page\">\n\t\t\t\t<div class=\"elementor-element elementor-element-62dea49 e-flex e-con-boxed e-con e-parent\" data-id=\"62dea49\" data-element_type=\"container\" data-e-type=\"container\" data-settings=\"{&quot;background_background&quot;:&quot;classic&quot;}\">\n\t\t\t\t\t<div class=\"e-con-inner\">\n\t\t\t\t<div class=\"elementor-element elementor-element-45ad324 elementor-widget elementor-widget-heading\" data-id=\"45ad324\" data-element_type=\"widget\" data-e-type=\"widget\" data-widget_type=\"heading.default\">\n\t\t\t\t\t<h1 class=\"elementor-heading-title elementor-size-default\">Osta lahjakortti<\/h1>\t\t\t\t<\/div>\n\t\t\t\t<div class=\"elementor-element elementor-element-63924c3 elementor-button-align-start elementor-widget__width-initial elementor-widget elementor-widget-form\" data-id=\"63924c3\" data-element_type=\"widget\" data-e-type=\"widget\" data-settings=\"{&quot;step_next_label&quot;:&quot;Seuraava&quot;,&quot;step_previous_label&quot;:&quot;Edellinen&quot;,&quot;step_type&quot;:&quot;progress_bar&quot;,&quot;button_width&quot;:&quot;100&quot;}\" data-widget_type=\"form.default\">\n\t\t\t\t\t\t\t<form class=\"elementor-form\" method=\"post\" name=\"Lahjakortin osto\u00adlomake\" aria-label=\"Lahjakortin osto\u00adlomake\">\n\t\t\t<input type=\"hidden\" name=\"post_id\" value=\"2537\"\/>\n\t\t\t<input type=\"hidden\" name=\"form_id\" value=\"63924c3\"\/>\n\t\t\t<input type=\"hidden\" name=\"referer_title\" value=\"Voga Styling\" \/>\n\n\t\t\t\n\t\t\t<div class=\"elementor-form-fields-wrapper elementor-labels-above\">\n\t\t\t\t\t\t\t\t<div class=\"elementor-field-type-text elementor-field-group elementor-column elementor-field-group-name elementor-col-50 elementor-field-required elementor-mark-required\">\n\t\t\t\t\t\t\t\t\t\t\t\t<label for=\"form-field-name\" class=\"elementor-field-label\">\n\t\t\t\t\t\t\t\tNimi\t\t\t\t\t\t\t<\/label>\n\t\t\t\t\t\t\t\t\t\t\t\t\t\t<input size=\"1\" type=\"text\" name=\"form_fields[name]\" id=\"form-field-name\" class=\"elementor-field elementor-size-sm  elementor-field-textual\" placeholder=\"Etunimi ja Sukunimi\" required=\"required\">\n\t\t\t\t\t\t\t\t\t\t\t<\/div>\n\t\t\t\t\t\t\t\t<div class=\"elementor-field-type-email elementor-field-group elementor-column elementor-field-group-email elementor-col-50 elementor-field-required elementor-mark-required\">\n\t\t\t\t\t\t\t\t\t\t\t\t<label for=\"form-field-email\" class=\"elementor-field-label\">\n\t\t\t\t\t\t\t\tS-posti\t\t\t\t\t\t\t<\/label>\n\t\t\t\t\t\t\t\t\t\t\t\t\t\t<input size=\"1\" type=\"email\" name=\"form_fields[email]\" id=\"form-field-email\" class=\"elementor-field elementor-size-sm  elementor-field-textual\" placeholder=\"esimerkki@sinunsahkoposti.com\" required=\"required\">\n\t\t\t\t\t\t\t\t\t\t\t<\/div>\n\t\t\t\t\t\t\t\t<div class=\"elementor-field-type-tel elementor-field-group elementor-column elementor-field-group-field_32940fd elementor-col-50 elementor-field-required elementor-mark-required\">\n\t\t\t\t\t\t\t\t\t\t\t\t<label for=\"form-field-field_32940fd\" class=\"elementor-field-label\">\n\t\t\t\t\t\t\t\tPuhelinnumero\t\t\t\t\t\t\t<\/label>\n\t\t\t\t\t\t\t\t<input size=\"1\" type=\"tel\" name=\"form_fields[field_32940fd]\" id=\"form-field-field_32940fd\" class=\"elementor-field elementor-size-sm  elementor-field-textual\" placeholder=\"+35850 1234 123\" required=\"required\" pattern=\"[0-9()#&amp;+*-=.]+\" title=\"Only numbers and phone characters (#, -, *, etc) are accepted.\">\n\n\t\t\t\t\t\t<\/div>\n\t\t\t\t\t\t\t\t<div class=\"elementor-field-type-text elementor-field-group elementor-column elementor-field-group-field_10e12fb elementor-col-50\">\n\t\t\t\t\t\t\t\t\t\t\t\t<label for=\"form-field-field_10e12fb\" class=\"elementor-field-label\">\n\t\t\t\t\t\t\t\tKaupunki\t\t\t\t\t\t\t<\/label>\n\t\t\t\t\t\t\t\t\t\t\t\t\t\t<input size=\"1\" type=\"text\" name=\"form_fields[field_10e12fb]\" id=\"form-field-field_10e12fb\" class=\"elementor-field elementor-size-sm  elementor-field-textual\" placeholder=\"Esim. Vaasa \">\n\t\t\t\t\t\t\t\t\t\t\t<\/div>\n\t\t\t\t\t\t\t\t<div class=\"elementor-field-type-text elementor-field-group elementor-column elementor-field-group-field_c5b8e05 elementor-col-100 elementor-field-required elementor-mark-required\">\n\t\t\t\t\t\t\t\t\t\t\t\t<label for=\"form-field-field_c5b8e05\" class=\"elementor-field-label\">\n\t\t\t\t\t\t\t\tSumma tai palvelu\t\t\t\t\t\t\t<\/label>\n\t\t\t\t\t\t\t\t\t\t\t\t\t\t<input size=\"1\" type=\"text\" name=\"form_fields[field_c5b8e05]\" id=\"form-field-field_c5b8e05\" class=\"elementor-field elementor-size-sm  elementor-field-textual\" required=\"required\">\n\t\t\t\t\t\t\t\t\t\t\t<\/div>\n\t\t\t\t\t\t\t\t<div class=\"elementor-field-type-checkbox elementor-field-group elementor-column elementor-field-group-field_7f3792f elementor-col-100\">\n\t\t\t\t\t\t\t\t\t\t\t\t<label for=\"form-field-field_7f3792f\" class=\"elementor-field-label\">\n\t\t\t\t\t\t\t\tJos olet varannut v\u00e4rianalyysin lahjaksi, haluatko tilata v\u00e4rikartan hintaan 29 \u20ac lis\u00e4\u00e4?\t\t\t\t\t\t\t<\/label>\n\t\t\t\t\t\t<div class=\"elementor-field-subgroup  elementor-subgroup-inline\"><span class=\"elementor-field-option\"><input type=\"checkbox\" value=\"Kyll\u00e4\" id=\"form-field-field_7f3792f-0\" name=\"form_fields[field_7f3792f][]\"> <label for=\"form-field-field_7f3792f-0\">Kyll\u00e4<\/label><\/span><span class=\"elementor-field-option\"><input type=\"checkbox\" value=\"Ei\" id=\"form-field-field_7f3792f-1\" name=\"form_fields[field_7f3792f][]\"> <label for=\"form-field-field_7f3792f-1\">Ei<\/label><\/span><\/div>\t\t\t\t<\/div>\n\t\t\t\t\t\t\t\t<div class=\"elementor-field-type-text elementor-field-group elementor-column elementor-field-group-field_1015443 elementor-col-50 elementor-field-required elementor-mark-required\">\n\t\t\t\t\t\t\t\t\t\t\t\t<label for=\"form-field-field_1015443\" class=\"elementor-field-label\">\n\t\t\t\t\t\t\t\tVastaanottaja\t\t\t\t\t\t\t<\/label>\n\t\t\t\t\t\t\t\t\t\t\t\t\t\t<input size=\"1\" type=\"text\" name=\"form_fields[field_1015443]\" id=\"form-field-field_1015443\" class=\"elementor-field elementor-size-sm  elementor-field-textual\" placeholder=\"Etunimi ja Sukunimi\" required=\"required\">\n\t\t\t\t\t\t\t\t\t\t\t<\/div>\n\t\t\t\t\t\t\t\t<div class=\"elementor-field-type-date elementor-field-group elementor-column elementor-field-group-field_9557a17 elementor-col-50 elementor-field-required elementor-mark-required\">\n\t\t\t\t\t\t\t\t\t\t\t\t<label for=\"form-field-field_9557a17\" class=\"elementor-field-label\">\n\t\t\t\t\t\t\t\tMilloin lahjakortti annetaan?\t\t\t\t\t\t\t<\/label>\n\t\t\t\t\t\t\n\t\t<input type=\"date\" name=\"form_fields[field_9557a17]\" id=\"form-field-field_9557a17\" class=\"elementor-field elementor-size-sm  elementor-field-textual elementor-date-field\" required=\"required\" pattern=\"[0-9]{4}-[0-9]{2}-[0-9]{2}\">\n\t\t\t\t\t\t<\/div>\n\t\t\t\t\t\t\t\t<div class=\"elementor-field-type-text elementor-field-group elementor-column elementor-field-group-field_d6b06cf elementor-col-100 elementor-field-required elementor-mark-required\">\n\t\t\t\t\t\t\t\t\t\t\t\t<label for=\"form-field-field_d6b06cf\" class=\"elementor-field-label\">\n\t\t\t\t\t\t\t\tVastaanottajan osoite\t\t\t\t\t\t\t<\/label>\n\t\t\t\t\t\t\t\t\t\t\t\t\t\t<input size=\"1\" type=\"text\" name=\"form_fields[field_d6b06cf]\" id=\"form-field-field_d6b06cf\" class=\"elementor-field elementor-size-sm  elementor-field-textual\" placeholder=\"Postiosoite tai s\u00e4hk\u00f6posti\" required=\"required\">\n\t\t\t\t\t\t\t\t\t\t\t<\/div>\n\t\t\t\t\t\t\t\t<div class=\"elementor-field-type-checkbox elementor-field-group elementor-column elementor-field-group-field_7144b2b elementor-col-100\">\n\t\t\t\t\t\t\t\t\t\t\t\t<label for=\"form-field-field_7144b2b\" class=\"elementor-field-label\">\n\t\t\t\t\t\t\t\tToivon:\t\t\t\t\t\t\t<\/label>\n\t\t\t\t\t\t<div class=\"elementor-field-subgroup  elementor-subgroup-inline\"><span class=\"elementor-field-option\"><input type=\"checkbox\" value=\"Fyysinen lahjakortti \" id=\"form-field-field_7144b2b-0\" name=\"form_fields[field_7144b2b][]\"> <label for=\"form-field-field_7144b2b-0\">Fyysinen lahjakortti <\/label><\/span><span class=\"elementor-field-option\"><input type=\"checkbox\" value=\"Virtuaalinen lahjakortti\" id=\"form-field-field_7144b2b-1\" name=\"form_fields[field_7144b2b][]\"> <label for=\"form-field-field_7144b2b-1\">Virtuaalinen lahjakortti<\/label><\/span><\/div>\t\t\t\t<\/div>\n\t\t\t\t\t\t\t\t<div class=\"elementor-field-type-textarea elementor-field-group elementor-column elementor-field-group-message elementor-col-100\">\n\t\t\t\t\t\t\t\t\t\t\t\t<label for=\"form-field-message\" class=\"elementor-field-label\">\n\t\t\t\t\t\t\t\tMahdollinen kysymys\/kommentti\t\t\t\t\t\t\t<\/label>\n\t\t\t\t\t\t<textarea class=\"elementor-field-textual elementor-field  elementor-size-sm\" name=\"form_fields[message]\" id=\"form-field-message\" rows=\"4\"><\/textarea>\t\t\t\t<\/div>\n\t\t\t\t\t\t\t\t<div class=\"elementor-field-type-recaptcha_v3 elementor-field-group elementor-column elementor-field-group-field_cc802d6 elementor-col-100 recaptcha_v3-bottomright\">\n\t\t\t\t\t<div class=\"elementor-field\" id=\"form-field-field_cc802d6\"><div class=\"elementor-g-recaptcha\" data-sitekey=\"6LeG-EIsAAAAAKaFVhDSrpayAAQkne_st2n9_50L\" data-type=\"v3\" data-action=\"Form\" data-badge=\"bottomright\" data-size=\"invisible\"><\/div><\/div>\t\t\t\t<\/div>\n\t\t\t\t\t\t\t\t<div class=\"elementor-field-group elementor-column elementor-field-type-submit elementor-col-100 e-form__buttons\">\n\t\t\t\t\t<button class=\"elementor-button elementor-size-sm\" type=\"submit\">\n\t\t\t\t\t\t<span class=\"elementor-button-content-wrapper\">\n\t\t\t\t\t\t\t\t\t\t\t\t\t\t\t\t\t\t\t\t\t\t<span class=\"elementor-button-text\">L\u00e4het\u00e4<\/span>\n\t\t\t\t\t\t\t\t\t\t\t\t\t<\/span>\n\t\t\t\t\t<\/button>\n\t\t\t\t<\/div>\n\t\t\t<\/div>\n\t\t<\/form>\n\t\t\t\t\t\t<\/div>\n\t\t\t\t<div class=\"elementor-element elementor-element-434d913 elementor-widget elementor-widget-text-editor\" data-id=\"434d913\" data-element_type=\"widget\" data-e-type=\"widget\" data-widget_type=\"text-editor.default\">\n\t\t\t\t\t\t\t\t\t<p>Kun olemme vastaanottaneet ja vahvistaneet tilauksesi, l\u00e4het\u00e4mme laskun sinulle s\u00e4hk\u00f6postitse. <\/p>\t\t\t\t\t\t\t\t<\/div>\n\t\t\t\t\t<\/div>\n\t\t\t\t<\/div>\n\t\t<div class=\"elementor-element elementor-element-8f19643 e-flex e-con-boxed e-con e-parent\" data-id=\"8f19643\" data-element_type=\"container\" data-e-type=\"container\">\n\t\t\t\t\t<div class=\"e-con-inner\">\n\t\t\t\t\t<\/div>\n\t\t\t\t<\/div>\n\t\t\t\t<\/div>\n\t\t","protected":false},"excerpt":{"rendered":"<p>Osta lahjakortti Kun olemme vastaanottaneet ja vahvistaneet tilauksesi, l\u00e4het\u00e4mme laskun sinulle s\u00e4hk\u00f6postitse.<\/p>\n","protected":false},"author":1,"featured_media":0,"parent":0,"menu_order":0,"comment_status":"closed","ping_status":"closed","template":"","meta":{"footnotes":""},"class_list":["post-2537","page","type-page","status-publish","hentry"],"yoast_head":"<!-- This site is optimized with the Yoast SEO plugin v27.3 - https:\/\/yoast.com\/product\/yoast-seo-wordpress\/ -->\n<title>Osta lahjakortti - Voga Styling<\/title>\n<meta name=\"robots\" content=\"index, follow, max-snippet:-1, max-image-preview:large, max-video-preview:-1\" \/>\n<link rel=\"canonical\" href=\"https:\/\/vogastyling.com\/fi\/osta-lahjakortti\/\" \/>\n<meta property=\"og:locale\" content=\"fi_FI\" \/>\n<meta property=\"og:type\" content=\"article\" \/>\n<meta property=\"og:title\" content=\"Osta lahjakortti - Voga Styling\" \/>\n<meta property=\"og:description\" content=\"Osta lahjakortti Kun olemme vastaanottaneet ja vahvistaneet tilauksesi, l\u00e4het\u00e4mme laskun sinulle s\u00e4hk\u00f6postitse.\" \/>\n<meta property=\"og:url\" content=\"https:\/\/vogastyling.com\/fi\/osta-lahjakortti\/\" \/>\n<meta property=\"og:site_name\" content=\"Voga Styling\" \/>\n<meta property=\"article:modified_time\" content=\"2026-04-07T17:35:56+00:00\" \/>\n<meta name=\"twitter:card\" content=\"summary_large_image\" \/>\n<script type=\"application\/ld+json\" class=\"yoast-schema-graph\">{\"@context\":\"https:\\\/\\\/schema.org\",\"@graph\":[{\"@type\":\"WebPage\",\"@id\":\"https:\\\/\\\/vogastyling.com\\\/fi\\\/osta-lahjakortti\\\/\",\"url\":\"https:\\\/\\\/vogastyling.com\\\/fi\\\/osta-lahjakortti\\\/\",\"name\":\"Osta lahjakortti - Voga Styling\",\"isPartOf\":{\"@id\":\"https:\\\/\\\/vogastyling.com\\\/#website\"},\"datePublished\":\"2025-11-10T18:07:28+00:00\",\"dateModified\":\"2026-04-07T17:35:56+00:00\",\"breadcrumb\":{\"@id\":\"https:\\\/\\\/vogastyling.com\\\/fi\\\/osta-lahjakortti\\\/#breadcrumb\"},\"inLanguage\":\"fi\",\"potentialAction\":[{\"@type\":\"ReadAction\",\"target\":[\"https:\\\/\\\/vogastyling.com\\\/fi\\\/osta-lahjakortti\\\/\"]}]},{\"@type\":\"BreadcrumbList\",\"@id\":\"https:\\\/\\\/vogastyling.com\\\/fi\\\/osta-lahjakortti\\\/#breadcrumb\",\"itemListElement\":[{\"@type\":\"ListItem\",\"position\":1,\"name\":\"Hem\",\"item\":\"https:\\\/\\\/vogastyling.com\\\/\"},{\"@type\":\"ListItem\",\"position\":2,\"name\":\"Osta lahjakortti\"}]},{\"@type\":\"WebSite\",\"@id\":\"https:\\\/\\\/vogastyling.com\\\/#website\",\"url\":\"https:\\\/\\\/vogastyling.com\\\/\",\"name\":\"Voga Styling\",\"description\":\"Nordisk stilkonsultering\",\"publisher\":{\"@id\":\"https:\\\/\\\/vogastyling.com\\\/#organization\"},\"potentialAction\":[{\"@type\":\"SearchAction\",\"target\":{\"@type\":\"EntryPoint\",\"urlTemplate\":\"https:\\\/\\\/vogastyling.com\\\/?s={search_term_string}\"},\"query-input\":{\"@type\":\"PropertyValueSpecification\",\"valueRequired\":true,\"valueName\":\"search_term_string\"}}],\"inLanguage\":\"fi\"},{\"@type\":\"Organization\",\"@id\":\"https:\\\/\\\/vogastyling.com\\\/#organization\",\"name\":\"Voga Styling\",\"url\":\"https:\\\/\\\/vogastyling.com\\\/\",\"logo\":{\"@type\":\"ImageObject\",\"inLanguage\":\"fi\",\"@id\":\"https:\\\/\\\/vogastyling.com\\\/#\\\/schema\\\/logo\\\/image\\\/\",\"url\":\"https:\\\/\\\/vogastyling.com\\\/wp-content\\\/uploads\\\/2025\\\/07\\\/VOGA-Huvudlogo-RGB.png\",\"contentUrl\":\"https:\\\/\\\/vogastyling.com\\\/wp-content\\\/uploads\\\/2025\\\/07\\\/VOGA-Huvudlogo-RGB.png\",\"width\":1200,\"height\":600,\"caption\":\"Voga Styling\"},\"image\":{\"@id\":\"https:\\\/\\\/vogastyling.com\\\/#\\\/schema\\\/logo\\\/image\\\/\"}}]}<\/script>\n<!-- \/ Yoast SEO plugin. -->","yoast_head_json":{"title":"Osta lahjakortti - Voga Styling","robots":{"index":"index","follow":"follow","max-snippet":"max-snippet:-1","max-image-preview":"max-image-preview:large","max-video-preview":"max-video-preview:-1"},"canonical":"https:\/\/vogastyling.com\/fi\/osta-lahjakortti\/","og_locale":"fi_FI","og_type":"article","og_title":"Osta lahjakortti - Voga Styling","og_description":"Osta lahjakortti Kun olemme vastaanottaneet ja vahvistaneet tilauksesi, l\u00e4het\u00e4mme laskun sinulle s\u00e4hk\u00f6postitse.","og_url":"https:\/\/vogastyling.com\/fi\/osta-lahjakortti\/","og_site_name":"Voga Styling","article_modified_time":"2026-04-07T17:35:56+00:00","twitter_card":"summary_large_image","schema":{"@context":"https:\/\/schema.org","@graph":[{"@type":"WebPage","@id":"https:\/\/vogastyling.com\/fi\/osta-lahjakortti\/","url":"https:\/\/vogastyling.com\/fi\/osta-lahjakortti\/","name":"Osta lahjakortti - Voga Styling","isPartOf":{"@id":"https:\/\/vogastyling.com\/#website"},"datePublished":"2025-11-10T18:07:28+00:00","dateModified":"2026-04-07T17:35:56+00:00","breadcrumb":{"@id":"https:\/\/vogastyling.com\/fi\/osta-lahjakortti\/#breadcrumb"},"inLanguage":"fi","potentialAction":[{"@type":"ReadAction","target":["https:\/\/vogastyling.com\/fi\/osta-lahjakortti\/"]}]},{"@type":"BreadcrumbList","@id":"https:\/\/vogastyling.com\/fi\/osta-lahjakortti\/#breadcrumb","itemListElement":[{"@type":"ListItem","position":1,"name":"Hem","item":"https:\/\/vogastyling.com\/"},{"@type":"ListItem","position":2,"name":"Osta lahjakortti"}]},{"@type":"WebSite","@id":"https:\/\/vogastyling.com\/#website","url":"https:\/\/vogastyling.com\/","name":"Voga Styling","description":"Nordisk stilkonsultering","publisher":{"@id":"https:\/\/vogastyling.com\/#organization"},"potentialAction":[{"@type":"SearchAction","target":{"@type":"EntryPoint","urlTemplate":"https:\/\/vogastyling.com\/?s={search_term_string}"},"query-input":{"@type":"PropertyValueSpecification","valueRequired":true,"valueName":"search_term_string"}}],"inLanguage":"fi"},{"@type":"Organization","@id":"https:\/\/vogastyling.com\/#organization","name":"Voga Styling","url":"https:\/\/vogastyling.com\/","logo":{"@type":"ImageObject","inLanguage":"fi","@id":"https:\/\/vogastyling.com\/#\/schema\/logo\/image\/","url":"https:\/\/vogastyling.com\/wp-content\/uploads\/2025\/07\/VOGA-Huvudlogo-RGB.png","contentUrl":"https:\/\/vogastyling.com\/wp-content\/uploads\/2025\/07\/VOGA-Huvudlogo-RGB.png","width":1200,"height":600,"caption":"Voga Styling"},"image":{"@id":"https:\/\/vogastyling.com\/#\/schema\/logo\/image\/"}}]}},"_links":{"self":[{"href":"https:\/\/vogastyling.com\/fi\/wp-json\/wp\/v2\/pages\/2537","targetHints":{"allow":["GET"]}}],"collection":[{"href":"https:\/\/vogastyling.com\/fi\/wp-json\/wp\/v2\/pages"}],"about":[{"href":"https:\/\/vogastyling.com\/fi\/wp-json\/wp\/v2\/types\/page"}],"author":[{"embeddable":true,"href":"https:\/\/vogastyling.com\/fi\/wp-json\/wp\/v2\/users\/1"}],"replies":[{"embeddable":true,"href":"https:\/\/vogastyling.com\/fi\/wp-json\/wp\/v2\/comments?post=2537"}],"version-history":[{"count":5,"href":"https:\/\/vogastyling.com\/fi\/wp-json\/wp\/v2\/pages\/2537\/revisions"}],"predecessor-version":[{"id":2888,"href":"https:\/\/vogastyling.com\/fi\/wp-json\/wp\/v2\/pages\/2537\/revisions\/2888"}],"wp:attachment":[{"href":"https:\/\/vogastyling.com\/fi\/wp-json\/wp\/v2\/media?parent=2537"}],"curies":[{"name":"wp","href":"https:\/\/api.w.org\/{rel}","templated":true}]}}